{"id":1478,"date":"2017-09-08T10:02:40","date_gmt":"2017-09-08T10:02:40","guid":{"rendered":"https:\/\/www.keos.co.at\/ueber-uns\/"},"modified":"2020-10-12T08:44:44","modified_gmt":"2020-10-12T08:44:44","slug":"ueber-uns","status":"publish","type":"page","link":"https:\/\/www.keos.co.at\/es\/ueber-uns\/","title":{"rendered":"Sobre nosotros"},"content":{"rendered":"<p><div class=\"fusion-fullwidth fullwidth-box fusion-builder-row-1 nonhundred-percent-fullwidth non-hundred-percent-height-scrolling\" style=\"--awb-border-radius-top-left:0px;--awb-border-radius-top-right:0px;--awb-border-radius-bottom-right:0px;--awb-border-radius-bottom-left:0px;--awb-flex-wrap:wrap;\" ><div class=\"fusion-builder-row fusion-row\"><div class=\"fusion-layout-column fusion_builder_column fusion-builder-column-0 fusion_builder_column_1_1 1_1 fusion-one-full fusion-column-first fusion-column-last fusion-animated\" style=\"--awb-bg-size:cover;\" data-animationType=\"fadeInUp\" data-animationDuration=\"1.0\" data-animationOffset=\"top-into-view\"><div class=\"fusion-column-wrapper fusion-flex-column-wrapper-legacy\"><div class=\"fusion-title title fusion-title-1 fusion-sep-none fusion-title-center fusion-title-text fusion-title-size-one\"><h1 class=\"fusion-title-heading title-heading-center\" style=\"margin:0;\">Sobre nosotros<\/h1><\/div><div class=\"fusion-clearfix\"><\/div><\/div><\/div><\/div><\/div><div class=\"fusion-fullwidth fullwidth-box fusion-builder-row-2 nonhundred-percent-fullwidth non-hundred-percent-height-scrolling\" style=\"--awb-border-radius-top-left:0px;--awb-border-radius-top-right:0px;--awb-border-radius-bottom-right:0px;--awb-border-radius-bottom-left:0px;--awb-flex-wrap:wrap;\" ><div class=\"fusion-builder-row fusion-row\"><div class=\"fusion-layout-column fusion_builder_column fusion-builder-column-1 fusion_builder_column_1_2 1_2 fusion-one-half fusion-column-first\" style=\"--awb-bg-size:cover;width:50%;width:calc(50% - ( ( 4% ) * 0.5 ) );margin-right: 4%;\"><div class=\"fusion-column-wrapper fusion-flex-column-wrapper-legacy\"><div class=\"fusion-image-element fusion-image-align-center in-legacy-container\" style=\"text-align:center;--awb-caption-title-font-family:var(--h2_typography-font-family);--awb-caption-title-font-weight:var(--h2_typography-font-weight);--awb-caption-title-font-style:var(--h2_typography-font-style);--awb-caption-title-size:var(--h2_typography-font-size);--awb-caption-title-transform:var(--h2_typography-text-transform);--awb-caption-title-line-height:var(--h2_typography-line-height);--awb-caption-title-letter-spacing:var(--h2_typography-letter-spacing);\"><div class=\"imageframe-align-center\"><span class=\" fusion-imageframe imageframe-none imageframe-1 hover-type-none fusion-animated\" data-animationType=\"fadeInLeft\" data-animationDuration=\"1.0\" data-animationOffset=\"top-into-view\"><img decoding=\"async\" width=\"600\" height=\"171\" title=\"ueber-uns\" src=\"https:\/\/www.keos.co.at\/wp-content\/uploads\/2017\/09\/ueber-uns.jpg\" alt class=\"img-responsive wp-image-4950\" srcset=\"https:\/\/www.keos.co.at\/wp-content\/uploads\/2017\/09\/ueber-uns-200x57.jpg 200w, https:\/\/www.keos.co.at\/wp-content\/uploads\/2017\/09\/ueber-uns-400x114.jpg 400w, https:\/\/www.keos.co.at\/wp-content\/uploads\/2017\/09\/ueber-uns.jpg 600w\" sizes=\"(max-width: 800px) 100vw, 600px\" \/><\/span><\/div><\/div><div class=\"fusion-sep-clear\"><\/div><div class=\"fusion-separator fusion-full-width-sep\" style=\"margin-left: auto;margin-right: auto;margin-bottom:30px;width:100%;\"><\/div><div class=\"fusion-sep-clear\"><\/div><div class=\"fusion-text fusion-text-1\"><p>La idea de fabricar KEOS ha surgido hace unos 25 a\u00f1os despu\u00e9s de nuestro descubrimiento de este tipo de joyas de fantas\u00eda en un peque\u00f1o mercado artesanal en el sur de Francia. Fascinados por la belleza y la singularidad de estos KEOS, la motivaci\u00f3n de su propia producci\u00f3n naci\u00f3 y creci\u00f3 lentamente.<\/p>\n<p>Fue s\u00f3lo en 2015 que hemos encontrado el coraje para enfrentarnos a este desafiante trabajo artesanal en la pr\u00e1ctica y seguir adelante con esta actividad de ocio. Despu\u00e9s de una extensa investigaci\u00f3n, pudimos aprender m\u00e1s sobre su tecnolog\u00eda de fabricaci\u00f3n. La consecuencia fue un proceso de aprendizaje largo e independiente para poder dominar lentamente esta t\u00e9cnica.<\/p>\n<p>Hoy, nos gustar\u00eda compartir esta pasi\u00f3n con una amplia audiencia y presentar nuestro trabajo. \u00a1Esperamos sorprender e inspirar a mucha gente con la est\u00e9tica de los KEOS!<\/p>\n<p>\u00ab<em>No invento nada, lo redescubro<\/em>\u00ab. Auguste Rodin<\/p>\n<\/div><div class=\"fusion-sep-clear\"><\/div><div class=\"fusion-separator fusion-full-width-sep\" style=\"margin-left: auto;margin-right: auto;margin-bottom:35px;width:100%;\"><\/div><div class=\"fusion-sep-clear\"><\/div><div class=\"fusion-text fusion-text-2\"><p>Ojeada del proceso de corte de una moneda en 4 pasos:<\/p>\n<p><img decoding=\"async\" class=\"alignnone wp-image-13225\" src=\"https:\/\/www.keos.co.at\/wp-content\/uploads\/2020\/10\/Schiff-1.jpeg\" alt=\"\" width=\"130\" height=\"130\" srcset=\"https:\/\/www.keos.co.at\/wp-content\/uploads\/2020\/10\/Schiff-1-66x66.jpeg 66w, https:\/\/www.keos.co.at\/wp-content\/uploads\/2020\/10\/Schiff-1-150x150.jpeg 150w, https:\/\/www.keos.co.at\/wp-content\/uploads\/2020\/10\/Schiff-1-200x200.jpeg 200w, https:\/\/www.keos.co.at\/wp-content\/uploads\/2020\/10\/Schiff-1-300x300.jpeg 300w, https:\/\/www.keos.co.at\/wp-content\/uploads\/2020\/10\/Schiff-1-400x400.jpeg 400w, https:\/\/www.keos.co.at\/wp-content\/uploads\/2020\/10\/Schiff-1-600x600.jpeg 600w, https:\/\/www.keos.co.at\/wp-content\/uploads\/2020\/10\/Schiff-1-768x768.jpeg 768w, https:\/\/www.keos.co.at\/wp-content\/uploads\/2020\/10\/Schiff-1-800x800.jpeg 800w, https:\/\/www.keos.co.at\/wp-content\/uploads\/2020\/10\/Schiff-1-1024x1024.jpeg 1024w, https:\/\/www.keos.co.at\/wp-content\/uploads\/2020\/10\/Schiff-1-1200x1200.jpeg 1200w, https:\/\/www.keos.co.at\/wp-content\/uploads\/2020\/10\/Schiff-1-1536x1536.jpeg 1536w, https:\/\/www.keos.co.at\/wp-content\/uploads\/2020\/10\/Schiff-1.jpeg 1600w\" sizes=\"(max-width: 130px) 100vw, 130px\" \/>\u00a0 <img decoding=\"async\" class=\"alignnone wp-image-13232\" src=\"https:\/\/www.keos.co.at\/wp-content\/uploads\/2020\/10\/Schiff-2.jpeg\" alt=\"\" width=\"130\" height=\"130\" srcset=\"https:\/\/www.keos.co.at\/wp-content\/uploads\/2020\/10\/Schiff-2-66x66.jpeg 66w, https:\/\/www.keos.co.at\/wp-content\/uploads\/2020\/10\/Schiff-2-150x150.jpeg 150w, https:\/\/www.keos.co.at\/wp-content\/uploads\/2020\/10\/Schiff-2-200x200.jpeg 200w, https:\/\/www.keos.co.at\/wp-content\/uploads\/2020\/10\/Schiff-2-300x300.jpeg 300w, https:\/\/www.keos.co.at\/wp-content\/uploads\/2020\/10\/Schiff-2-400x400.jpeg 400w, https:\/\/www.keos.co.at\/wp-content\/uploads\/2020\/10\/Schiff-2-600x600.jpeg 600w, https:\/\/www.keos.co.at\/wp-content\/uploads\/2020\/10\/Schiff-2-768x768.jpeg 768w, https:\/\/www.keos.co.at\/wp-content\/uploads\/2020\/10\/Schiff-2-800x800.jpeg 800w, https:\/\/www.keos.co.at\/wp-content\/uploads\/2020\/10\/Schiff-2-1024x1024.jpeg 1024w, https:\/\/www.keos.co.at\/wp-content\/uploads\/2020\/10\/Schiff-2-1200x1200.jpeg 1200w, https:\/\/www.keos.co.at\/wp-content\/uploads\/2020\/10\/Schiff-2.jpeg 1435w\" sizes=\"(max-width: 130px) 100vw, 130px\" \/>\u00a0 <img decoding=\"async\" class=\"alignnone wp-image-13239\" src=\"https:\/\/www.keos.co.at\/wp-content\/uploads\/2020\/10\/Schiff-3.jpeg\" alt=\"\" width=\"131\" height=\"131\" srcset=\"https:\/\/www.keos.co.at\/wp-content\/uploads\/2020\/10\/Schiff-3-66x66.jpeg 66w, https:\/\/www.keos.co.at\/wp-content\/uploads\/2020\/10\/Schiff-3-150x150.jpeg 150w, https:\/\/www.keos.co.at\/wp-content\/uploads\/2020\/10\/Schiff-3-200x200.jpeg 200w, https:\/\/www.keos.co.at\/wp-content\/uploads\/2020\/10\/Schiff-3-300x300.jpeg 300w, https:\/\/www.keos.co.at\/wp-content\/uploads\/2020\/10\/Schiff-3-400x400.jpeg 400w, https:\/\/www.keos.co.at\/wp-content\/uploads\/2020\/10\/Schiff-3-600x600.jpeg 600w, https:\/\/www.keos.co.at\/wp-content\/uploads\/2020\/10\/Schiff-3-768x768.jpeg 768w, https:\/\/www.keos.co.at\/wp-content\/uploads\/2020\/10\/Schiff-3-800x800.jpeg 800w, https:\/\/www.keos.co.at\/wp-content\/uploads\/2020\/10\/Schiff-3-1024x1024.jpeg 1024w, https:\/\/www.keos.co.at\/wp-content\/uploads\/2020\/10\/Schiff-3-1200x1200.jpeg 1200w, https:\/\/www.keos.co.at\/wp-content\/uploads\/2020\/10\/Schiff-3.jpeg 1360w\" sizes=\"(max-width: 131px) 100vw, 131px\" \/>\u00a0 <img decoding=\"async\" class=\"alignnone wp-image-13246\" src=\"https:\/\/www.keos.co.at\/wp-content\/uploads\/2020\/10\/Schiff-4.jpeg\" alt=\"\" width=\"130\" height=\"130\" srcset=\"https:\/\/www.keos.co.at\/wp-content\/uploads\/2020\/10\/Schiff-4-66x66.jpeg 66w, https:\/\/www.keos.co.at\/wp-content\/uploads\/2020\/10\/Schiff-4-150x150.jpeg 150w, https:\/\/www.keos.co.at\/wp-content\/uploads\/2020\/10\/Schiff-4-200x200.jpeg 200w, https:\/\/www.keos.co.at\/wp-content\/uploads\/2020\/10\/Schiff-4-300x300.jpeg 300w, https:\/\/www.keos.co.at\/wp-content\/uploads\/2020\/10\/Schiff-4-400x400.jpeg 400w, https:\/\/www.keos.co.at\/wp-content\/uploads\/2020\/10\/Schiff-4-600x600.jpeg 600w, https:\/\/www.keos.co.at\/wp-content\/uploads\/2020\/10\/Schiff-4-768x768.jpeg 768w, https:\/\/www.keos.co.at\/wp-content\/uploads\/2020\/10\/Schiff-4-800x800.jpeg 800w, https:\/\/www.keos.co.at\/wp-content\/uploads\/2020\/10\/Schiff-4-1024x1024.jpeg 1024w, https:\/\/www.keos.co.at\/wp-content\/uploads\/2020\/10\/Schiff-4-1200x1200.jpeg 1200w, https:\/\/www.keos.co.at\/wp-content\/uploads\/2020\/10\/Schiff-4-1536x1536.jpeg 1536w, https:\/\/www.keos.co.at\/wp-content\/uploads\/2020\/10\/Schiff-4.jpeg 1700w\" sizes=\"(max-width: 130px) 100vw, 130px\" \/><\/p>\n<\/div><div class=\"fusion-clearfix\"><\/div><\/div><\/div><div class=\"fusion-layout-column fusion_builder_column fusion-builder-column-2 fusion_builder_column_1_2 1_2 fusion-one-half fusion-column-last\" style=\"--awb-bg-size:cover;width:50%;width:calc(50% - ( ( 4% ) * 0.5 ) );\"><div class=\"fusion-column-wrapper fusion-flex-column-wrapper-legacy\"><div class=\"fusion-image-element fusion-image-align-center in-legacy-container\" style=\"text-align:center;--awb-caption-title-font-family:var(--h2_typography-font-family);--awb-caption-title-font-weight:var(--h2_typography-font-weight);--awb-caption-title-font-style:var(--h2_typography-font-style);--awb-caption-title-size:var(--h2_typography-font-size);--awb-caption-title-transform:var(--h2_typography-text-transform);--awb-caption-title-line-height:var(--h2_typography-line-height);--awb-caption-title-letter-spacing:var(--h2_typography-letter-spacing);\"><div class=\"imageframe-align-center\"><span class=\" fusion-imageframe imageframe-none imageframe-2 hover-type-none fusion-animated\" data-animationType=\"fadeInRight\" data-animationDuration=\"1.0\" data-animationOffset=\"top-into-view\"><img decoding=\"async\" width=\"768\" height=\"1024\" title=\"IMG_0574\" src=\"https:\/\/www.keos.co.at\/wp-content\/uploads\/2019\/06\/IMG_0574.jpg\" alt class=\"img-responsive wp-image-6193\" srcset=\"https:\/\/www.keos.co.at\/wp-content\/uploads\/2019\/06\/IMG_0574-200x267.jpg 200w, https:\/\/www.keos.co.at\/wp-content\/uploads\/2019\/06\/IMG_0574-400x533.jpg 400w, https:\/\/www.keos.co.at\/wp-content\/uploads\/2019\/06\/IMG_0574-600x800.jpg 600w, https:\/\/www.keos.co.at\/wp-content\/uploads\/2019\/06\/IMG_0574.jpg 768w\" sizes=\"(max-width: 800px) 100vw, 600px\" \/><\/span><\/div><\/div><div class=\"fusion-clearfix\"><\/div><\/div><\/div><\/div><\/div><\/p>\n","protected":false},"excerpt":{"rendered":"","protected":false},"author":1,"featured_media":0,"parent":0,"menu_order":0,"comment_status":"closed","ping_status":"closed","template":"","meta":{"footnotes":""},"class_list":["post-1478","page","type-page","status-publish","hentry"],"_links":{"self":[{"href":"https:\/\/www.keos.co.at\/es\/wp-json\/wp\/v2\/pages\/1478","targetHints":{"allow":["GET"]}}],"collection":[{"href":"https:\/\/www.keos.co.at\/es\/wp-json\/wp\/v2\/pages"}],"about":[{"href":"https:\/\/www.keos.co.at\/es\/wp-json\/wp\/v2\/types\/page"}],"author":[{"embeddable":true,"href":"https:\/\/www.keos.co.at\/es\/wp-json\/wp\/v2\/users\/1"}],"replies":[{"embeddable":true,"href":"https:\/\/www.keos.co.at\/es\/wp-json\/wp\/v2\/comments?post=1478"}],"version-history":[{"count":7,"href":"https:\/\/www.keos.co.at\/es\/wp-json\/wp\/v2\/pages\/1478\/revisions"}],"predecessor-version":[{"id":13266,"href":"https:\/\/www.keos.co.at\/es\/wp-json\/wp\/v2\/pages\/1478\/revisions\/13266"}],"wp:attachment":[{"href":"https:\/\/www.keos.co.at\/es\/wp-json\/wp\/v2\/media?parent=1478"}],"curies":[{"name":"wp","href":"https:\/\/api.w.org\/{rel}","templated":true}]}}