{"id":148,"date":"2017-09-06T14:53:13","date_gmt":"2017-09-06T14:53:13","guid":{"rendered":"https:\/\/www.keos.co.at\/home\/"},"modified":"2017-11-04T08:22:47","modified_gmt":"2017-11-04T08:22:47","slug":"home","status":"publish","type":"page","link":"https:\/\/www.keos.co.at\/fr\/","title":{"rendered":"Accueil"},"content":{"rendered":"<p><div class=\"fusion-fullwidth fullwidth-box fusion-builder-row-1 nonhundred-percent-fullwidth non-hundred-percent-height-scrolling\" style=\"--awb-border-radius-top-left:0px;--awb-border-radius-top-right:0px;--awb-border-radius-bottom-right:0px;--awb-border-radius-bottom-left:0px;--awb-flex-wrap:wrap;\" ><div class=\"fusion-builder-row fusion-row\"><div class=\"fusion-layout-column fusion_builder_column fusion-builder-column-0 fusion_builder_column_1_1 1_1 fusion-one-full fusion-column-first fusion-column-last fusion-animated\" style=\"--awb-bg-size:cover;\" data-animationType=\"fadeInUp\" data-animationDuration=\"1.0\" data-animationOffset=\"top-into-view\"><div class=\"fusion-column-wrapper fusion-flex-column-wrapper-legacy\"><div class=\"fusion-title title fusion-title-1 fusion-sep-none fusion-title-center fusion-title-text fusion-title-size-one\"><h1 class=\"fusion-title-heading title-heading-center\" style=\"margin:0;\">Keos &#8211; Quand les pi\u00e8ces deviennent des bijoux&#8230;<\/h1><\/div><div class=\"fusion-clearfix\"><\/div><\/div><\/div><\/div><\/div><div class=\"fusion-fullwidth fullwidth-box fusion-builder-row-2 nonhundred-percent-fullwidth non-hundred-percent-height-scrolling\" style=\"--awb-border-radius-top-left:0px;--awb-border-radius-top-right:0px;--awb-border-radius-bottom-right:0px;--awb-border-radius-bottom-left:0px;--awb-flex-wrap:wrap;\" ><div class=\"fusion-builder-row fusion-row\"><div class=\"fusion-layout-column fusion_builder_column fusion-builder-column-1 fusion_builder_column_1_2 1_2 fusion-one-half fusion-column-first\" style=\"--awb-bg-size:cover;width:50%;width:calc(50% - ( ( 4% ) * 0.5 ) );margin-right: 4%;\"><div class=\"fusion-column-wrapper fusion-flex-column-wrapper-legacy\"><div class=\"fusion-text fusion-text-1\"><p>Les historiens situent l&rsquo;\u00e9mergence des pi\u00e8ces de monnaie en Occident vers 550 \u00e0 560 avant JC sur les bords de la mer \u00c9g\u00e9e orientale, au sein du royaume de Lydie. Par la suite la fabrication et l\u2019utilisation de pi\u00e8ces de monnaie se sont progressivement \u00e9tendues \u00e0 l\u2019ensemble de la Gr\u00e8ce, de l\u2019empire Romain et de bien d\u2019autres pays \u00e0 travers le monde. C\u2019est notamment dans l\u2019archipel des Cyclades, sur l\u2019ile grecque de K\u00e9a (K\u00e9os ou \u00ab\u00a0\u039a\u03ad\u03c9\u03c2\u00a0\u00bb en Grec ancien), que furent produites des pi\u00e8ces de monnaie sous l\u2019antiquit\u00e9.<\/p>\n<\/div><div class=\"fusion-clearfix\"><\/div><\/div><\/div><div class=\"fusion-layout-column fusion_builder_column fusion-builder-column-2 fusion_builder_column_1_2 1_2 fusion-one-half fusion-column-last\" style=\"--awb-bg-size:cover;width:50%;width:calc(50% - ( ( 4% ) * 0.5 ) );\"><div class=\"fusion-column-wrapper fusion-flex-column-wrapper-legacy\"><div class=\"fusion-text fusion-text-2\"><p>Ult\u00e9rieurement, ces pi\u00e8ces de monnaie particuli\u00e8rement esth\u00e9tiques furent parfois transform\u00e9es en bijoux divers (bagues, pendentifs et bracelets) par d\u2019habiles artisans qui emprunt\u00e8rent le nom de l\u2019ile d\u2019o\u00f9 provenaient leurs pi\u00e8ces pour d\u00e9signer le fruit de leur travail.<\/p>\n<p>Les KEOS \u00e9taient n\u00e9s\u00a0!<\/p>\n<\/div><div class=\"fusion-clearfix\"><\/div><\/div><\/div><div class=\"fusion-layout-column fusion_builder_column fusion-builder-column-3 fusion_builder_column_1_1 1_1 fusion-one-full fusion-column-first fusion-column-last\" style=\"--awb-bg-size:cover;\"><div class=\"fusion-column-wrapper fusion-flex-column-wrapper-legacy\"><div class=\"fusion-sep-clear\"><\/div><div class=\"fusion-separator fusion-full-width-sep\" style=\"margin-left: auto;margin-right: auto;margin-bottom:50px;width:100%;\"><\/div><div class=\"fusion-sep-clear\"><\/div><div class=\"fusion-clearfix\"><\/div><\/div><\/div><\/div><\/div><div class=\"fusion-bg-parallax\" data-bg-align=\"center center\" data-direction=\"up\" data-mute=\"false\" data-opacity=\"100\" data-velocity=\"-0.3\" data-mobile-enabled=\"false\" data-break_parents=\"0\" data-bg-image=\"https:\/\/www.keos.co.at\/wp-content\/uploads\/2017\/09\/back-keos.jpg\" data-bg-repeat=\"false\" ><\/div><div class=\"fusion-fullwidth fullwidth-box fusion-builder-row-3 fusion-parallax-up hundred-percent-fullwidth non-hundred-percent-height-scrolling\" style=\"--awb-border-radius-top-left:0px;--awb-border-radius-top-right:0px;--awb-border-radius-bottom-right:0px;--awb-border-radius-bottom-left:0px;--awb-background-image:url(&quot;https:\/\/www.keos.co.at\/wp-content\/uploads\/2017\/09\/back-keos.jpg&quot;);--awb-background-size:cover;--awb-flex-wrap:wrap;\" ><div class=\"fusion-builder-row fusion-row\"><div class=\"fusion-layout-column fusion_builder_column fusion-builder-column-4 fusion_builder_column_1_1 1_1 fusion-one-full fusion-column-first fusion-column-last\" style=\"--awb-bg-size:cover;\"><div class=\"fusion-column-wrapper fusion-flex-column-wrapper-legacy\"><div class=\"fusion-sep-clear\"><\/div><div class=\"fusion-separator fusion-full-width-sep\" style=\"margin-left: auto;margin-right: auto;margin-bottom:550px;width:100%;\"><\/div><div class=\"fusion-sep-clear\"><\/div><div class=\"fusion-clearfix\"><\/div><\/div><\/div><\/div><\/div><div class=\"fusion-fullwidth fullwidth-box fusion-builder-row-4 nonhundred-percent-fullwidth non-hundred-percent-height-scrolling\" style=\"--awb-border-radius-top-left:0px;--awb-border-radius-top-right:0px;--awb-border-radius-bottom-right:0px;--awb-border-radius-bottom-left:0px;--awb-flex-wrap:wrap;\" ><div class=\"fusion-builder-row fusion-row\"><div class=\"fusion-layout-column fusion_builder_column fusion-builder-column-5 fusion_builder_column_1_1 1_1 fusion-one-full fusion-column-first fusion-column-last\" style=\"--awb-bg-size:cover;\"><div class=\"fusion-column-wrapper fusion-flex-column-wrapper-legacy\"><div class=\"fusion-sep-clear\"><\/div><div class=\"fusion-separator fusion-full-width-sep\" style=\"margin-left: auto;margin-right: auto;margin-bottom:50px;width:100%;\"><\/div><div class=\"fusion-sep-clear\"><\/div><div class=\"fusion-clearfix\"><\/div><\/div><\/div><div class=\"fusion-layout-column fusion_builder_column fusion-builder-column-6 fusion_builder_column_1_2 1_2 fusion-one-half fusion-column-first\" style=\"--awb-bg-size:cover;width:50%;width:calc(50% - ( ( 4% ) * 0.5 ) );margin-right: 4%;\"><div class=\"fusion-column-wrapper fusion-flex-column-wrapper-legacy\"><div class=\"fusion-text fusion-text-3\"><p>Plus tard, c\u2019est par extension que cette appellation fut \u00e9galement utilis\u00e9e comme terme g\u00e9n\u00e9rique pour d\u00e9signer certaines pi\u00e8ces de monnaie transform\u00e9es en bijoux. Dans le courant du XIX\u00e8me si\u00e8cle des artisans itin\u00e9rants ont eu l\u2019id\u00e9e de d\u00e9couper des pi\u00e8ces de monnaie pour les transformer en bijoux de fantaisie d\u2019un prix abordable qu\u2019ils vendaient au hasard de leurs d\u00e9placements.<\/p>\n<p>Aujourd\u2019hui cet artisanat a quasiment disparu et n\u2019est plus pratiqu\u00e9 que par quelques passionn\u00e9s qui offrent ainsi une deuxi\u00e8me vie aux pi\u00e8ces d\u00e9mon\u00e9tis\u00e9es courantes.<\/p>\n<\/div><div class=\"fusion-clearfix\"><\/div><\/div><\/div><div class=\"fusion-layout-column fusion_builder_column fusion-builder-column-7 fusion_builder_column_1_2 1_2 fusion-one-half fusion-column-last\" style=\"--awb-bg-size:cover;width:50%;width:calc(50% - ( ( 4% ) * 0.5 ) );\"><div class=\"fusion-column-wrapper fusion-flex-column-wrapper-legacy\"><div class=\"fusion-text fusion-text-4\"><p>Les KEOS sont donc des bijoux de fantaisie s\u00e9duisants et originaux r\u00e9alis\u00e9s \u00e0 partir de pi\u00e8ces de monnaie du monde entier, et en particulier de celles qui ont \u00e9t\u00e9 retir\u00e9es de la circulation. La d\u00e9coupe, qui est enti\u00e8rement r\u00e9alis\u00e9e \u00e0 la main, exige une tr\u00e8s grande dext\u00e9rit\u00e9 et une concentration prolong\u00e9e. Cette technique permet ainsi de r\u00e9v\u00e9ler et mettre en valeur les magnifiques motifs frapp\u00e9s sur ces pi\u00e8ces, v\u00e9ritables \u0153uvres d\u2019art miniatures.<\/p>\n<p>La multitude des pi\u00e8ces qui ont \u00e9t\u00e9 \u00e9mises, notamment depuis la r\u00e9volution industrielle, offre ainsi une mati\u00e8re premi\u00e8re extr\u00eamement vari\u00e9e et quasiment in\u00e9puisable. V\u00e9ritable t\u00e9moin des cultures et peuples du monde, les KEOS sont une invitation au voyage.<\/p>\n<\/div><div class=\"fusion-clearfix\"><\/div><\/div><\/div><\/div><\/div><\/p>\n","protected":false},"excerpt":{"rendered":"","protected":false},"author":1,"featured_media":0,"parent":0,"menu_order":0,"comment_status":"closed","ping_status":"closed","template":"100-width.php","meta":{"footnotes":""},"class_list":["post-148","page","type-page","status-publish","hentry"],"_links":{"self":[{"href":"https:\/\/www.keos.co.at\/fr\/wp-json\/wp\/v2\/pages\/148","targetHints":{"allow":["GET"]}}],"collection":[{"href":"https:\/\/www.keos.co.at\/fr\/wp-json\/wp\/v2\/pages"}],"about":[{"href":"https:\/\/www.keos.co.at\/fr\/wp-json\/wp\/v2\/types\/page"}],"author":[{"embeddable":true,"href":"https:\/\/www.keos.co.at\/fr\/wp-json\/wp\/v2\/users\/1"}],"replies":[{"embeddable":true,"href":"https:\/\/www.keos.co.at\/fr\/wp-json\/wp\/v2\/comments?post=148"}],"version-history":[{"count":4,"href":"https:\/\/www.keos.co.at\/fr\/wp-json\/wp\/v2\/pages\/148\/revisions"}],"predecessor-version":[{"id":1454,"href":"https:\/\/www.keos.co.at\/fr\/wp-json\/wp\/v2\/pages\/148\/revisions\/1454"}],"wp:attachment":[{"href":"https:\/\/www.keos.co.at\/fr\/wp-json\/wp\/v2\/media?parent=148"}],"curies":[{"name":"wp","href":"https:\/\/api.w.org\/{rel}","templated":true}]}}