{"id":1457,"date":"2017-09-08T10:02:40","date_gmt":"2017-09-08T10:02:40","guid":{"rendered":"https:\/\/www.keos.co.at\/ueber-uns\/"},"modified":"2020-10-12T08:42:53","modified_gmt":"2020-10-12T08:42:53","slug":"ueber-uns","status":"publish","type":"page","link":"https:\/\/www.keos.co.at\/it\/ueber-uns\/","title":{"rendered":"Riguardo a noi"},"content":{"rendered":"<p><div class=\"fusion-fullwidth fullwidth-box fusion-builder-row-1 nonhundred-percent-fullwidth non-hundred-percent-height-scrolling\" style=\"--awb-border-radius-top-left:0px;--awb-border-radius-top-right:0px;--awb-border-radius-bottom-right:0px;--awb-border-radius-bottom-left:0px;--awb-flex-wrap:wrap;\" ><div class=\"fusion-builder-row fusion-row\"><div class=\"fusion-layout-column fusion_builder_column fusion-builder-column-0 fusion_builder_column_1_1 1_1 fusion-one-full fusion-column-first fusion-column-last fusion-animated\" style=\"--awb-bg-size:cover;\" data-animationType=\"fadeInUp\" data-animationDuration=\"1.0\" data-animationOffset=\"top-into-view\"><div class=\"fusion-column-wrapper fusion-flex-column-wrapper-legacy\"><div class=\"fusion-title title fusion-title-1 fusion-sep-none fusion-title-center fusion-title-text fusion-title-size-one\"><h1 class=\"fusion-title-heading title-heading-center\" style=\"margin:0;\">Riguardo a noi<\/h1><\/div><div class=\"fusion-clearfix\"><\/div><\/div><\/div><\/div><\/div><div class=\"fusion-fullwidth fullwidth-box fusion-builder-row-2 nonhundred-percent-fullwidth non-hundred-percent-height-scrolling\" style=\"--awb-border-radius-top-left:0px;--awb-border-radius-top-right:0px;--awb-border-radius-bottom-right:0px;--awb-border-radius-bottom-left:0px;--awb-flex-wrap:wrap;\" ><div class=\"fusion-builder-row fusion-row\"><div class=\"fusion-layout-column fusion_builder_column fusion-builder-column-1 fusion_builder_column_1_2 1_2 fusion-one-half fusion-column-first\" style=\"--awb-bg-size:cover;width:50%;width:calc(50% - ( ( 4% ) * 0.5 ) );margin-right: 4%;\"><div class=\"fusion-column-wrapper fusion-flex-column-wrapper-legacy\"><div class=\"fusion-image-element fusion-image-align-center in-legacy-container\" style=\"text-align:center;--awb-caption-title-font-family:var(--h2_typography-font-family);--awb-caption-title-font-weight:var(--h2_typography-font-weight);--awb-caption-title-font-style:var(--h2_typography-font-style);--awb-caption-title-size:var(--h2_typography-font-size);--awb-caption-title-transform:var(--h2_typography-text-transform);--awb-caption-title-line-height:var(--h2_typography-line-height);--awb-caption-title-letter-spacing:var(--h2_typography-letter-spacing);\"><div class=\"imageframe-align-center\"><span class=\" fusion-imageframe imageframe-none imageframe-1 hover-type-none fusion-animated\" data-animationType=\"fadeInLeft\" data-animationDuration=\"1.0\" data-animationOffset=\"top-into-view\"><img decoding=\"async\" width=\"600\" height=\"171\" title=\"ueber-uns\" src=\"https:\/\/www.keos.co.at\/wp-content\/uploads\/2017\/09\/ueber-uns.jpg\" alt class=\"img-responsive wp-image-4947\" srcset=\"https:\/\/www.keos.co.at\/wp-content\/uploads\/2017\/09\/ueber-uns-200x57.jpg 200w, https:\/\/www.keos.co.at\/wp-content\/uploads\/2017\/09\/ueber-uns-400x114.jpg 400w, https:\/\/www.keos.co.at\/wp-content\/uploads\/2017\/09\/ueber-uns.jpg 600w\" sizes=\"(max-width: 800px) 100vw, 600px\" \/><\/span><\/div><\/div><div class=\"fusion-sep-clear\"><\/div><div class=\"fusion-separator fusion-full-width-sep\" style=\"margin-left: auto;margin-right: auto;margin-bottom:30px;width:100%;\"><\/div><div class=\"fusion-sep-clear\"><\/div><div class=\"fusion-text fusion-text-1\"><p>L&#8217;idea di produrre KEOS \u00e8 avvenuta circa 30 anni fa dopo la nostra scoperta di questo tipo di gioielli di costume su un piccolo mercato artigianale del sud della Francia. Fascinato dalla bellezza e dall&#8217;unicit\u00e0 di questi KEOS, la motivazione della propria produzione \u00e8 nata e cresciuta lentamente.<\/p>\n<p>Fu solo nel 2015 che abbiamo trovato il coraggio di affrontarci con questa pratica artigianale impegnativa e di andare avanti con questa attivit\u00e0 di svago. Dopo un&#8217;ampia ricerca siamo riusciti a saperne di pi\u00f9 sulla sua tecnologia di produzione. La conseguenza \u00e8 stata quindi un lungo e indipendente processo di apprendimento per essere in grado di padroneggiare lentamente questa tecnica.<\/p>\n<p>Oggi vorremmo condividere questa passione con un ampio pubblico e presentare il nostro lavoro. Speriamo che sorprenderemo e ispireremo molte persone con l&#8217;estetica di questi KEOS!<\/p>\n<p>&#8220;<em>Non invento nulla, riscopro<\/em>&#8220;. Auguste Rodin<\/p>\n<\/div><div class=\"fusion-sep-clear\"><\/div><div class=\"fusion-separator fusion-full-width-sep\" style=\"margin-left: auto;margin-right: auto;margin-bottom:35px;width:100%;\"><\/div><div class=\"fusion-sep-clear\"><\/div><div class=\"fusion-text fusion-text-2\"><p>Occhiata del processo di taglio di una moneta in 4 fasi:<\/p>\n<p><img decoding=\"async\" class=\"alignnone wp-image-13225\" src=\"https:\/\/www.keos.co.at\/wp-content\/uploads\/2020\/10\/Schiff-1.jpeg\" alt=\"\" width=\"131\" height=\"131\" srcset=\"https:\/\/www.keos.co.at\/wp-content\/uploads\/2020\/10\/Schiff-1-66x66.jpeg 66w, https:\/\/www.keos.co.at\/wp-content\/uploads\/2020\/10\/Schiff-1-150x150.jpeg 150w, https:\/\/www.keos.co.at\/wp-content\/uploads\/2020\/10\/Schiff-1-200x200.jpeg 200w, https:\/\/www.keos.co.at\/wp-content\/uploads\/2020\/10\/Schiff-1-300x300.jpeg 300w, https:\/\/www.keos.co.at\/wp-content\/uploads\/2020\/10\/Schiff-1-400x400.jpeg 400w, https:\/\/www.keos.co.at\/wp-content\/uploads\/2020\/10\/Schiff-1-600x600.jpeg 600w, https:\/\/www.keos.co.at\/wp-content\/uploads\/2020\/10\/Schiff-1-768x768.jpeg 768w, https:\/\/www.keos.co.at\/wp-content\/uploads\/2020\/10\/Schiff-1-800x800.jpeg 800w, https:\/\/www.keos.co.at\/wp-content\/uploads\/2020\/10\/Schiff-1-1024x1024.jpeg 1024w, https:\/\/www.keos.co.at\/wp-content\/uploads\/2020\/10\/Schiff-1-1200x1200.jpeg 1200w, https:\/\/www.keos.co.at\/wp-content\/uploads\/2020\/10\/Schiff-1-1536x1536.jpeg 1536w, https:\/\/www.keos.co.at\/wp-content\/uploads\/2020\/10\/Schiff-1.jpeg 1600w\" sizes=\"(max-width: 131px) 100vw, 131px\" \/>\u00a0 <img decoding=\"async\" class=\"alignnone wp-image-13232\" src=\"https:\/\/www.keos.co.at\/wp-content\/uploads\/2020\/10\/Schiff-2.jpeg\" alt=\"\" width=\"130\" height=\"130\" srcset=\"https:\/\/www.keos.co.at\/wp-content\/uploads\/2020\/10\/Schiff-2-66x66.jpeg 66w, https:\/\/www.keos.co.at\/wp-content\/uploads\/2020\/10\/Schiff-2-150x150.jpeg 150w, https:\/\/www.keos.co.at\/wp-content\/uploads\/2020\/10\/Schiff-2-200x200.jpeg 200w, https:\/\/www.keos.co.at\/wp-content\/uploads\/2020\/10\/Schiff-2-300x300.jpeg 300w, https:\/\/www.keos.co.at\/wp-content\/uploads\/2020\/10\/Schiff-2-400x400.jpeg 400w, https:\/\/www.keos.co.at\/wp-content\/uploads\/2020\/10\/Schiff-2-600x600.jpeg 600w, https:\/\/www.keos.co.at\/wp-content\/uploads\/2020\/10\/Schiff-2-768x768.jpeg 768w, https:\/\/www.keos.co.at\/wp-content\/uploads\/2020\/10\/Schiff-2-800x800.jpeg 800w, https:\/\/www.keos.co.at\/wp-content\/uploads\/2020\/10\/Schiff-2-1024x1024.jpeg 1024w, https:\/\/www.keos.co.at\/wp-content\/uploads\/2020\/10\/Schiff-2-1200x1200.jpeg 1200w, https:\/\/www.keos.co.at\/wp-content\/uploads\/2020\/10\/Schiff-2.jpeg 1435w\" sizes=\"(max-width: 130px) 100vw, 130px\" \/>\u00a0 <img decoding=\"async\" class=\"alignnone wp-image-13239\" src=\"https:\/\/www.keos.co.at\/wp-content\/uploads\/2020\/10\/Schiff-3.jpeg\" alt=\"\" width=\"130\" height=\"130\" srcset=\"https:\/\/www.keos.co.at\/wp-content\/uploads\/2020\/10\/Schiff-3-66x66.jpeg 66w, https:\/\/www.keos.co.at\/wp-content\/uploads\/2020\/10\/Schiff-3-150x150.jpeg 150w, https:\/\/www.keos.co.at\/wp-content\/uploads\/2020\/10\/Schiff-3-200x200.jpeg 200w, https:\/\/www.keos.co.at\/wp-content\/uploads\/2020\/10\/Schiff-3-300x300.jpeg 300w, https:\/\/www.keos.co.at\/wp-content\/uploads\/2020\/10\/Schiff-3-400x400.jpeg 400w, https:\/\/www.keos.co.at\/wp-content\/uploads\/2020\/10\/Schiff-3-600x600.jpeg 600w, https:\/\/www.keos.co.at\/wp-content\/uploads\/2020\/10\/Schiff-3-768x768.jpeg 768w, https:\/\/www.keos.co.at\/wp-content\/uploads\/2020\/10\/Schiff-3-800x800.jpeg 800w, https:\/\/www.keos.co.at\/wp-content\/uploads\/2020\/10\/Schiff-3-1024x1024.jpeg 1024w, https:\/\/www.keos.co.at\/wp-content\/uploads\/2020\/10\/Schiff-3-1200x1200.jpeg 1200w, https:\/\/www.keos.co.at\/wp-content\/uploads\/2020\/10\/Schiff-3.jpeg 1360w\" sizes=\"(max-width: 130px) 100vw, 130px\" \/>\u00a0 <img decoding=\"async\" class=\"alignnone wp-image-13246\" src=\"https:\/\/www.keos.co.at\/wp-content\/uploads\/2020\/10\/Schiff-4.jpeg\" alt=\"\" width=\"130\" height=\"130\" srcset=\"https:\/\/www.keos.co.at\/wp-content\/uploads\/2020\/10\/Schiff-4-66x66.jpeg 66w, https:\/\/www.keos.co.at\/wp-content\/uploads\/2020\/10\/Schiff-4-150x150.jpeg 150w, https:\/\/www.keos.co.at\/wp-content\/uploads\/2020\/10\/Schiff-4-200x200.jpeg 200w, https:\/\/www.keos.co.at\/wp-content\/uploads\/2020\/10\/Schiff-4-300x300.jpeg 300w, https:\/\/www.keos.co.at\/wp-content\/uploads\/2020\/10\/Schiff-4-400x400.jpeg 400w, https:\/\/www.keos.co.at\/wp-content\/uploads\/2020\/10\/Schiff-4-600x600.jpeg 600w, https:\/\/www.keos.co.at\/wp-content\/uploads\/2020\/10\/Schiff-4-768x768.jpeg 768w, https:\/\/www.keos.co.at\/wp-content\/uploads\/2020\/10\/Schiff-4-800x800.jpeg 800w, https:\/\/www.keos.co.at\/wp-content\/uploads\/2020\/10\/Schiff-4-1024x1024.jpeg 1024w, https:\/\/www.keos.co.at\/wp-content\/uploads\/2020\/10\/Schiff-4-1200x1200.jpeg 1200w, https:\/\/www.keos.co.at\/wp-content\/uploads\/2020\/10\/Schiff-4-1536x1536.jpeg 1536w, https:\/\/www.keos.co.at\/wp-content\/uploads\/2020\/10\/Schiff-4.jpeg 1700w\" sizes=\"(max-width: 130px) 100vw, 130px\" \/><\/p>\n<\/div><div class=\"fusion-clearfix\"><\/div><\/div><\/div><div class=\"fusion-layout-column fusion_builder_column fusion-builder-column-2 fusion_builder_column_1_2 1_2 fusion-one-half fusion-column-last\" style=\"--awb-bg-size:cover;width:50%;width:calc(50% - ( ( 4% ) * 0.5 ) );\"><div class=\"fusion-column-wrapper fusion-flex-column-wrapper-legacy\"><div class=\"fusion-image-element fusion-image-align-center in-legacy-container\" style=\"text-align:center;--awb-caption-title-font-family:var(--h2_typography-font-family);--awb-caption-title-font-weight:var(--h2_typography-font-weight);--awb-caption-title-font-style:var(--h2_typography-font-style);--awb-caption-title-size:var(--h2_typography-font-size);--awb-caption-title-transform:var(--h2_typography-text-transform);--awb-caption-title-line-height:var(--h2_typography-line-height);--awb-caption-title-letter-spacing:var(--h2_typography-letter-spacing);\"><div class=\"imageframe-align-center\"><span class=\" fusion-imageframe imageframe-none imageframe-2 hover-type-none fusion-animated\" data-animationType=\"fadeInRight\" data-animationDuration=\"1.0\" data-animationOffset=\"top-into-view\"><img decoding=\"async\" width=\"768\" height=\"1024\" title=\"IMG_0574\" src=\"https:\/\/www.keos.co.at\/wp-content\/uploads\/2019\/06\/IMG_0574.jpg\" alt class=\"img-responsive wp-image-6190\" srcset=\"https:\/\/www.keos.co.at\/wp-content\/uploads\/2019\/06\/IMG_0574-200x267.jpg 200w, https:\/\/www.keos.co.at\/wp-content\/uploads\/2019\/06\/IMG_0574-400x533.jpg 400w, https:\/\/www.keos.co.at\/wp-content\/uploads\/2019\/06\/IMG_0574-600x800.jpg 600w, https:\/\/www.keos.co.at\/wp-content\/uploads\/2019\/06\/IMG_0574.jpg 768w\" sizes=\"(max-width: 800px) 100vw, 600px\" \/><\/span><\/div><\/div><div class=\"fusion-clearfix\"><\/div><\/div><\/div><\/div><\/div><\/p>\n","protected":false},"excerpt":{"rendered":"","protected":false},"author":1,"featured_media":0,"parent":0,"menu_order":0,"comment_status":"closed","ping_status":"closed","template":"","meta":{"footnotes":""},"class_list":["post-1457","page","type-page","status-publish","hentry"],"_links":{"self":[{"href":"https:\/\/www.keos.co.at\/it\/wp-json\/wp\/v2\/pages\/1457","targetHints":{"allow":["GET"]}}],"collection":[{"href":"https:\/\/www.keos.co.at\/it\/wp-json\/wp\/v2\/pages"}],"about":[{"href":"https:\/\/www.keos.co.at\/it\/wp-json\/wp\/v2\/types\/page"}],"author":[{"embeddable":true,"href":"https:\/\/www.keos.co.at\/it\/wp-json\/wp\/v2\/users\/1"}],"replies":[{"embeddable":true,"href":"https:\/\/www.keos.co.at\/it\/wp-json\/wp\/v2\/comments?post=1457"}],"version-history":[{"count":9,"href":"https:\/\/www.keos.co.at\/it\/wp-json\/wp\/v2\/pages\/1457\/revisions"}],"predecessor-version":[{"id":13265,"href":"https:\/\/www.keos.co.at\/it\/wp-json\/wp\/v2\/pages\/1457\/revisions\/13265"}],"wp:attachment":[{"href":"https:\/\/www.keos.co.at\/it\/wp-json\/wp\/v2\/media?parent=1457"}],"curies":[{"name":"wp","href":"https:\/\/api.w.org\/{rel}","templated":true}]}}