{"id":1468,"date":"2017-09-09T08:06:58","date_gmt":"2017-09-09T08:06:58","guid":{"rendered":"https:\/\/www.keos.co.at\/kontakt\/"},"modified":"2020-07-02T07:17:15","modified_gmt":"2020-07-02T07:17:15","slug":"kontakt","status":"publish","type":"page","link":"https:\/\/www.keos.co.at\/it\/kontakt\/","title":{"rendered":"Contatto"},"content":{"rendered":"<p><div class=\"fusion-fullwidth fullwidth-box fusion-builder-row-1 nonhundred-percent-fullwidth non-hundred-percent-height-scrolling\" style=\"--awb-border-radius-top-left:0px;--awb-border-radius-top-right:0px;--awb-border-radius-bottom-right:0px;--awb-border-radius-bottom-left:0px;--awb-flex-wrap:wrap;\" ><div class=\"fusion-builder-row fusion-row\"><div class=\"fusion-layout-column fusion_builder_column fusion-builder-column-0 fusion_builder_column_1_1 1_1 fusion-one-full fusion-column-first fusion-column-last fusion-animated\" style=\"--awb-bg-size:cover;\" data-animationType=\"fadeInUp\" data-animationDuration=\"1.0\" data-animationOffset=\"top-into-view\"><div class=\"fusion-column-wrapper fusion-flex-column-wrapper-legacy\"><div class=\"fusion-title title fusion-title-1 fusion-sep-none fusion-title-center fusion-title-text fusion-title-size-one\"><h1 class=\"fusion-title-heading title-heading-center\" style=\"margin:0;\">Contatto<\/h1><\/div><div class=\"fusion-clearfix\"><\/div><\/div><\/div><\/div><\/div><div class=\"fusion-fullwidth fullwidth-box fusion-builder-row-2 nonhundred-percent-fullwidth non-hundred-percent-height-scrolling\" style=\"--awb-border-radius-top-left:0px;--awb-border-radius-top-right:0px;--awb-border-radius-bottom-right:0px;--awb-border-radius-bottom-left:0px;--awb-padding-bottom:100px;--awb-flex-wrap:wrap;\" ><div class=\"fusion-builder-row fusion-row\"><div class=\"fusion-layout-column fusion_builder_column fusion-builder-column-1 fusion_builder_column_1_2 1_2 fusion-one-half fusion-column-first\" style=\"--awb-bg-size:cover;width:50%;width:calc(50% - ( ( 4% ) * 0.5 ) );margin-right: 4%;\"><div class=\"fusion-column-wrapper fusion-flex-column-wrapper-legacy\"><div class=\"fusion-image-element in-legacy-container\" style=\"--awb-caption-title-font-family:var(--h2_typography-font-family);--awb-caption-title-font-weight:var(--h2_typography-font-weight);--awb-caption-title-font-style:var(--h2_typography-font-style);--awb-caption-title-size:var(--h2_typography-font-size);--awb-caption-title-transform:var(--h2_typography-text-transform);--awb-caption-title-line-height:var(--h2_typography-line-height);--awb-caption-title-letter-spacing:var(--h2_typography-letter-spacing);\"><span class=\" fusion-imageframe imageframe-none imageframe-1 hover-type-none\"><img decoding=\"async\" width=\"600\" height=\"171\" title=\"kontakt\" src=\"https:\/\/www.keos.co.at\/wp-content\/uploads\/2017\/09\/kontakt.jpg\" alt class=\"img-responsive wp-image-4989\" srcset=\"https:\/\/www.keos.co.at\/wp-content\/uploads\/2017\/09\/kontakt-200x57.jpg 200w, https:\/\/www.keos.co.at\/wp-content\/uploads\/2017\/09\/kontakt-400x114.jpg 400w, https:\/\/www.keos.co.at\/wp-content\/uploads\/2017\/09\/kontakt.jpg 600w\" sizes=\"(max-width: 800px) 100vw, 600px\" \/><\/span><\/div><div class=\"fusion-sep-clear\"><\/div><div class=\"fusion-separator fusion-full-width-sep\" style=\"margin-left: auto;margin-right: auto;margin-bottom:50px;width:100%;\"><\/div><div class=\"fusion-sep-clear\"><\/div><div class=\"fusion-text fusion-text-1\"><p>e-mail: <strong>info@keos.co.at\u00a0<\/strong> <img decoding=\"async\" class=\"wp-image-7904 alignright\" src=\"https:\/\/www.keos.co.at\/wp-content\/uploads\/2020\/01\/WhatsApp.png\" alt=\"\" width=\"100\" height=\"100\" srcset=\"https:\/\/www.keos.co.at\/wp-content\/uploads\/2020\/01\/WhatsApp-66x66.png 66w, https:\/\/www.keos.co.at\/wp-content\/uploads\/2020\/01\/WhatsApp-150x150.png 150w, https:\/\/www.keos.co.at\/wp-content\/uploads\/2020\/01\/WhatsApp-200x200.png 200w, https:\/\/www.keos.co.at\/wp-content\/uploads\/2020\/01\/WhatsApp.png 225w\" sizes=\"(max-width: 100px) 100vw, 100px\" \/><\/p>\n<p>Cellulare: <strong>+43 699\/10.20.20.30.<\/strong><\/p>\n<p><strong>Mag. Frederic PASCAL | KEOS Unlimited !<\/strong><br \/>\nFriedensstrasse 14, \u00a05082 Gr\u00f6dig \u00a0| \u00a0Austria<\/p>\n<\/div><div class=\"fusion-sep-clear\"><\/div><div class=\"fusion-separator fusion-full-width-sep\" style=\"margin-left: auto;margin-right: auto;margin-bottom:30px;width:100%;\"><\/div><div class=\"fusion-sep-clear\"><\/div><a class=\"fusion-modal-text-link\" data-toggle=\"modal\" data-target=\".fusion-modal.Visitatori da aprile 2020\" href=\"#\"><a href=\"https:\/\/info.flagcounter.com\/Mjuu\"><img decoding=\"async\" src=\"https:\/\/s11.flagcounter.com\/map\/Mjuu\/size_l\/txt_000000\/border_000000\/pageviews_0\/viewers_0\/flags_0\/\" alt=\"Flag Counter\" border=\"0\" \/><\/a><\/a><div class=\"fusion-clearfix\"><\/div><\/div><\/div><div class=\"fusion-layout-column fusion_builder_column fusion-builder-column-2 fusion_builder_column_1_2 1_2 fusion-one-half fusion-column-last fusion-animated\" style=\"--awb-bg-size:cover;width:50%;width:calc(50% - ( ( 4% ) * 0.5 ) );\" data-animationType=\"fadeInRight\" data-animationDuration=\"1.0\" data-animationOffset=\"top-into-view\"><div class=\"fusion-column-wrapper fusion-flex-column-wrapper-legacy\"><div class=\"fusion-image-element fusion-image-align-center in-legacy-container\" style=\"text-align:center;--awb-caption-title-font-family:var(--h2_typography-font-family);--awb-caption-title-font-weight:var(--h2_typography-font-weight);--awb-caption-title-font-style:var(--h2_typography-font-style);--awb-caption-title-size:var(--h2_typography-font-size);--awb-caption-title-transform:var(--h2_typography-text-transform);--awb-caption-title-line-height:var(--h2_typography-line-height);--awb-caption-title-letter-spacing:var(--h2_typography-letter-spacing);\"><div class=\"imageframe-align-center\"><span class=\" fusion-imageframe imageframe-none imageframe-2 hover-type-none fusion-animated\" data-animationType=\"fadeInRight\" data-animationDuration=\"1.0\" data-animationOffset=\"top-into-view\"><img decoding=\"async\" width=\"400\" height=\"126\" title=\"Unknown\" src=\"https:\/\/www.keos.co.at\/wp-content\/uploads\/2020\/04\/Unknown.png\" alt class=\"img-responsive wp-image-9808\" srcset=\"https:\/\/www.keos.co.at\/wp-content\/uploads\/2020\/04\/Unknown-200x63.png 200w, https:\/\/www.keos.co.at\/wp-content\/uploads\/2020\/04\/Unknown.png 400w\" sizes=\"(max-width: 800px) 100vw, 400px\" \/><\/span><\/div><\/div><div class=\"fusion-sep-clear\"><\/div><div class=\"fusion-separator fusion-full-width-sep\" style=\"margin-left: auto;margin-right: auto;margin-bottom:85px;width:100%;\"><\/div><div class=\"fusion-sep-clear\"><\/div><div class=\"fusion-text fusion-text-2\"><p>&#8220;<em>L&#8217;arte non \u00e8 ci\u00f2 che vedi, ma ci\u00f2 che fai vedere agli altri.<\/em>&#8221;<br \/>\nEdgar Degas<\/p>\n<\/div><div class=\"fusion-sep-clear\"><\/div><div class=\"fusion-separator fusion-full-width-sep\" style=\"margin-left: auto;margin-right: auto;margin-bottom:65px;width:100%;\"><\/div><div class=\"fusion-sep-clear\"><\/div><div class=\"fusion-text fusion-text-3\"><p>Numero di nuovi visitatori KEOS dall&#8217;aprile 2020:<\/p>\n<\/div><div class=\"fusion-sep-clear\"><\/div><div class=\"fusion-separator fusion-full-width-sep\" style=\"margin-left: auto;margin-right: auto;margin-bottom:8px;width:100%;\"><\/div><div class=\"fusion-sep-clear\"><\/div><a class=\"fusion-modal-text-link\" data-toggle=\"modal\" data-target=\".fusion-modal.Numero di visitatori da aprile 2020\" href=\"#\"><a href=\"https:\/\/info.flagcounter.com\/QdQG\"><img decoding=\"async\" src=\"https:\/\/s01.flagcounter.com\/count2\/QdQG\/bg_FFFFFF\/txt_000000\/border_CCCCCC\/columns_4\/maxflags_32\/viewers_0\/labels_0\/pageviews_0\/flags_0\/percent_0\/\" alt=\"Flag Counter\" border=\"0\" \/><\/a><\/a><div class=\"fusion-sep-clear\"><\/div><div class=\"fusion-separator fusion-full-width-sep\" style=\"margin-left: auto;margin-right: auto;margin-bottom:50px;width:100%;\"><\/div><div class=\"fusion-sep-clear\"><\/div><div class=\"fusion-text fusion-text-4\"><p><img decoding=\"async\" class=\"alignnone wp-image-12166\" src=\"https:\/\/www.keos.co.at\/wp-content\/uploads\/2020\/06\/Facebook-Instagram.jpeg\" alt=\"\" width=\"65\" height=\"34\" srcset=\"https:\/\/www.keos.co.at\/wp-content\/uploads\/2020\/06\/Facebook-Instagram-200x105.jpeg 200w, https:\/\/www.keos.co.at\/wp-content\/uploads\/2020\/06\/Facebook-Instagram-300x163.jpeg 300w, https:\/\/www.keos.co.at\/wp-content\/uploads\/2020\/06\/Facebook-Instagram.jpeg 310w\" sizes=\"(max-width: 65px) 100vw, 65px\" \/>\u00a0 \u00a0Trovaci su Instagram\u00ae (@keosunlimited) e Facebook\u00ae :<\/p>\n<\/div><div class=\"fusion-sep-clear\"><\/div><div class=\"fusion-separator fusion-full-width-sep\" style=\"margin-left: auto;margin-right: auto;width:100%;\"><\/div><div class=\"fusion-sep-clear\"><\/div><div class=\"fusion-text fusion-text-5\"><p><a href=\"https:\/\/www.facebook.com\/KeosUnlimited\/\" target=\"_blank\" rel=\"noopener noreferrer\">https:\/\/www.facebook.com\/KeosUnlimited\/<\/a><\/p>\n<\/div><div class=\"fusion-clearfix\"><\/div><\/div><\/div><\/div><\/div><div class=\"fusion-fullwidth fullwidth-box fusion-builder-row-3 fusion-parallax-fixed hundred-percent-fullwidth non-hundred-percent-height-scrolling fusion-equal-height-columns\" style=\"--awb-border-radius-top-left:0px;--awb-border-radius-top-right:0px;--awb-border-radius-bottom-right:0px;--awb-border-radius-bottom-left:0px;--awb-background-image:url(&quot;https:\/\/www.keos.co.at\/wp-content\/uploads\/2019\/05\/1.jpg&quot;);--awb-background-size:cover;--awb-flex-wrap:wrap;background-attachment:fixed;\" ><div class=\"fusion-builder-row fusion-row\"><div class=\"fusion-layout-column fusion_builder_column fusion-builder-column-3 fusion_builder_column_1_1 1_1 fusion-one-full fusion-column-first fusion-column-last\" style=\"--awb-bg-size:cover;\"><div class=\"fusion-column-wrapper fusion-flex-column-wrapper-legacy\"><div class=\"fusion-column-content-centered\"><div class=\"fusion-column-content\"><div class=\"fusion-sep-clear\"><\/div><div class=\"fusion-separator fusion-full-width-sep\" style=\"margin-left: auto;margin-right: auto;margin-bottom:600px;width:100%;\"><\/div><div class=\"fusion-sep-clear\"><\/div><\/div><\/div><div class=\"fusion-clearfix\"><\/div><\/div><\/div><\/div><\/div><\/p>\n","protected":false},"excerpt":{"rendered":"","protected":false},"author":1,"featured_media":0,"parent":0,"menu_order":0,"comment_status":"closed","ping_status":"closed","template":"100-width.php","meta":{"footnotes":""},"class_list":["post-1468","page","type-page","status-publish","hentry"],"_links":{"self":[{"href":"https:\/\/www.keos.co.at\/it\/wp-json\/wp\/v2\/pages\/1468","targetHints":{"allow":["GET"]}}],"collection":[{"href":"https:\/\/www.keos.co.at\/it\/wp-json\/wp\/v2\/pages"}],"about":[{"href":"https:\/\/www.keos.co.at\/it\/wp-json\/wp\/v2\/types\/page"}],"author":[{"embeddable":true,"href":"https:\/\/www.keos.co.at\/it\/wp-json\/wp\/v2\/users\/1"}],"replies":[{"embeddable":true,"href":"https:\/\/www.keos.co.at\/it\/wp-json\/wp\/v2\/comments?post=1468"}],"version-history":[{"count":22,"href":"https:\/\/www.keos.co.at\/it\/wp-json\/wp\/v2\/pages\/1468\/revisions"}],"predecessor-version":[{"id":12403,"href":"https:\/\/www.keos.co.at\/it\/wp-json\/wp\/v2\/pages\/1468\/revisions\/12403"}],"wp:attachment":[{"href":"https:\/\/www.keos.co.at\/it\/wp-json\/wp\/v2\/media?parent=1468"}],"curies":[{"name":"wp","href":"https:\/\/api.w.org\/{rel}","templated":true}]}}